{"id":209,"date":"2016-08-18T14:40:31","date_gmt":"2016-08-18T11:40:31","guid":{"rendered":"http:\/\/tomriddoridberg.fi\/fi\/?page_id=209"},"modified":"2026-04-03T17:26:26","modified_gmt":"2026-04-03T14:26:26","slug":"cv","status":"publish","type":"page","link":"http:\/\/tomriddoridberg.fi\/fi\/cv\/","title":{"rendered":"CV (PRODUKTIOT)"},"content":{"rendered":"<p><span style=\"color: #000000;\"><strong>OHJAUSTY\u00d6T:<\/strong><\/span><\/p>\n<p><span style=\"color: #000000;\"><strong>Ett gruvligt misstag? (revyy), <\/strong>2026, Teaterboulage<strong><br \/>\nBekanta fr\u00e4mlingen, <\/strong>2026, Katedralskolan i \u00c5bo p\u00e5 \u00c5ST<strong><br \/>\nShow ELEVEN, <\/strong>2025, Paraisten kaupunki, kulttuuri\/Pargas stad, kultur<strong><br \/>\nKatoamismysteeri vanhalla kansakoululla, <\/strong>2024, Ruskon kes\u00e4teatteri<strong><br \/>\nRadhusgatan 13B, <\/strong>2024, Teaterboulage<strong><br \/>\nArvingarna, <\/strong>2023, Teaterboulage<strong><br \/>\nMurhamysteeri vanhalla kansakoululla, <\/strong>2023, Ruskon kes\u00e4teatteri<strong><br \/>\n<a href=\"https:\/\/show.pargas.fi\/\"><span style=\"color: #0000ff;\">ShowStar &#8211; flight 10<\/span><\/a> (show)<\/strong>, 2023, Paraisten kaupunki, kulttuuri\/Pargas stad, kultur<strong><br \/>\nEin rikit liitn revy, <\/strong>2022, Teaterboulage<strong><br \/>\n<\/strong><\/span><span style=\"color: #000000;\"><strong>All Shook Up (musikaali), <\/strong>2022, Raseborgs sommarteater<strong><br \/>\nRiddoShow <\/strong>(my\u00f6s konsepti, k\u00e4sikirjoitus, ym), 2022, Teaterboulage<strong><br \/>\nPeter Pan<\/strong>, 2021, Raseborgs sommarteater<\/span><br \/>\n<strong><span style=\"color: #0000ff;\"><a style=\"color: #0000ff;\" href=\"http:\/\/show.pargas.fi\/\">NoShow<\/a><\/span><\/strong> <span style=\"color: #000000;\"><strong>(musiikkivideo)<\/strong>, 2020, Paraisten kaupunki<\/span><br \/>\n<span style=\"color: #000000;\"><strong><span style=\"color: #0000ff;\"><a style=\"color: #0000ff;\" href=\"https:\/\/www.teaterboulage.fi\/pjaser\/9713-2\">Erstans P\u00e4rla<\/a><\/span> (revyy), <\/strong>2020, Teaterboulage<strong><br \/>\nHeila hakusessa<\/strong>, 2019, Kaarina-Teatteri<\/span><br \/>\n<span style=\"color: #0000ff;\"><strong><span style=\"color: #000000;\"><span style=\"color: #0000ff;\"><a style=\"color: #0000ff;\" href=\"http:\/\/www.teaterboulage.fi\/pjaser\/babyface\">Babyface<\/a><\/span>, <\/span><\/strong><span style=\"color: #000000;\">2019, Teaterboulage<br \/>\n<span style=\"color: #0000ff;\"><a style=\"color: #0000ff;\" href=\"https:\/\/www.teaterboulage.fi\/pjaser\/8601-2\"><strong>N\u00f6d, d\u00f6d och falnad gl\u00f6d<\/strong><\/a><\/span> (yht.ty\u00f6ss\u00e4: D. Franzell:in kanssa), 2019, Teaterboulage<\/span><strong><span style=\"color: #000000;\"><br \/>\nLasseMajas Detektivbyr\u00e5 &#8211; Sommarmysterierna<\/span><\/strong><span style=\"color: #000000;\">, 2019, <\/span><span style=\"color: #000000;\">Kulturhuset<\/span><span style=\"color: #000000;\"> Karelia<\/span><a style=\"color: #0000ff;\" href=\"http:\/\/show.pargas.fi\/\"><br \/>\n<\/a><strong><a style=\"color: #0000ff;\" href=\"http:\/\/show.pargas.fi\/\">CLOUD<\/a><a style=\"color: #0000ff;\" href=\"http:\/\/show.pargas.fi\/\"> 9<\/a><\/strong><\/span><span style=\"color: #000000;\"><strong> (show)<\/strong>, 2019, Paraisten kaupunki\/Pargas stad<strong><br \/>\n<span style=\"color: #0000ff;\"><a style=\"color: #0000ff;\" href=\"http:\/\/www.teaterboulage.fi\/pjaser\/stenplockerskorna\">Stenplockerskorna<\/a><\/span><\/strong>, 2018, Teaterboulage<\/span><strong><br \/>\n<\/strong><span style=\"color: #000000;\"><strong>Tulevaisuustehdas-Framtidsfabriken <\/strong>(yht.ty\u00f6ss\u00e4 M. Jerohin:in ja M. Ruokolahti:n kanssa), 2017, Paraisten kaupunki, y.m.<strong><br \/>\n<span style=\"color: #0000ff;\">K\u00e4rleksbrev<\/span>\u00a0<\/strong>(yht.ty\u00f6ss\u00e4 J. Simberg:in ja I. Spiik:in kanssa), 2017, Teaterboulage<strong><br \/>\n<span style=\"color: #0000ff;\">Vem tar vem?<\/span><\/strong> (yht.ty\u00f6ss\u00e4 D. Franzell:in kanssa), 2017, Teaterboulage<\/span><br \/>\n<span style=\"color: #000000;\"><span style=\"color: #0000ff;\"><strong style=\"color: #0000ff;\"><span style=\"color: #000000;\"><span style=\"color: #0000ff;\"><a style=\"color: #0000ff;\" href=\"http:\/\/www.teaterboulage.fi\/pjaser\/aterforkalkning\">\u00c5terf\u00f6rkalkning<\/a><\/span> (revyy),<\/span><\/strong><span style=\"color: #000000;\"> 2017, Teaterboulage<\/span><strong style=\"color: #0000ff;\"><a style=\"color: #0000ff;\" href=\"http:\/\/www.teaterboulage.fi\/pjaser\/doris-flickan-laderrock\" target=\"_blank\" rel=\"noopener\"><br \/>\nDORIS &#8211; flickan i l\u00e4derrock<\/a><\/strong><\/span>, 2016, Teaterboulage<\/span><br \/>\n<span style=\"color: #000000;\"><span style=\"color: #0000ff;\"><a style=\"color: #0000ff;\" href=\"http:\/\/show.pargas.fi\/\" target=\"_blank\" rel=\"noopener\"> <strong>SHOW 8<\/strong><\/a><\/span>, 2016, Paraisten kaupunki<\/span><br \/>\n<span style=\"color: #000000;\"> <strong>Odysseus<\/strong>, 2015, Akademiska Spexet \u00c5A<\/span><br \/>\n<span style=\"color: #000000;\"> <strong><span style=\"color: #0000ff;\"><a style=\"color: #0000ff;\" href=\"http:\/\/www.teaterboulage.fi\/pjaser\/det-sjunde-rondellseglet\" target=\"_blank\" rel=\"noopener\">Det sjunde rondellseglet<\/a><\/span> (revyy),<\/strong> 2015, Teaterboulage<\/span><br \/>\n<span style=\"color: #000000;\"> <strong>Apollo 11<\/strong>, 2014, Akademiska Spexet \u00c5A<\/span><br \/>\n<span style=\"color: #000000;\"> <strong>Till skogs-Mets\u00e4\u00e4n<\/strong>\/<strong>SeniorShow<\/strong>, 2014, Paraisten kaupunki, MBI ja Kansalaisopisto<\/span><br \/>\n<span style=\"color: #000000;\"><span style=\"color: #0000ff;\"><a style=\"color: #0000ff;\" href=\"http:\/\/www.teaterboulage.fi\/pjaser\/jukebox\" target=\"_blank\" rel=\"noopener\"> <strong>Jukebox<\/strong><\/a><\/span>, 2014, Teaterboulage<\/span><br \/>\n<span style=\"color: #000000;\"><span style=\"color: #0000ff;\"><a style=\"color: #0000ff;\" href=\"http:\/\/show.pargas.fi\/shows\/showSEVEN\/\" target=\"_blank\" rel=\"noopener\"> <strong>Show SEVEN<\/strong><\/a><\/span>, 2014, Paraisten kaupunki<\/span><br \/>\n<span style=\"color: #000000;\"> <strong>L\u00f6rdagss\u00e4llskapet<\/strong>, 2013, Akademiska Spexet \u00c5A<\/span><br \/>\n<span style=\"color: #000000;\"> <strong>Seniorer till sj\u00f6ss\/SeniorShow,<\/strong> 2013, Paraisten kaupunki ja MBI<\/span><br \/>\n<span style=\"color: #000000;\"> <strong>Julius &amp; Cleopatra<\/strong>, 2012, Akademiska Spexet \u00c5A<\/span><br \/>\n<span style=\"color: #000000;\"><span style=\"color: #0000ff;\"><a style=\"color: #0000ff;\" href=\"http:\/\/www.teaterboulage.fi\/pjaser\/vill-du-slejkas-eller-ska-vi-dansa-forst\" target=\"_blank\" rel=\"noopener\"> <strong>Vill du slejkas? &#8230; eller ska vi dansa f\u00f6rst?<\/strong><\/a><\/span>, 2012, Teaterboulage<\/span><br \/>\n<span style=\"color: #000000;\"> <strong><span style=\"color: #0000ff;\"><a style=\"color: #0000ff;\" href=\"http:\/\/show.pargas.fi\/shows\/show006\/\" target=\"_blank\" rel=\"noopener\">SHOW 006<\/a><\/span>, <\/strong>2012, Paraisten kaupunki<\/span><br \/>\n<span style=\"color: #000000;\"> <strong>Cristofer Columbus<\/strong>, 2011, Akademiska Spexet \u00c5A<\/span><br \/>\n<span style=\"color: #000000;\"> <strong>B\u00e4ttre sent \u00e4n aldrig<\/strong>&#8211;<strong>Parempi my\u00f6h\u00e4\u00e4n kuin ei milloinkaan\/SeniorShow<\/strong>, 2011,<\/span><br \/>\n<span style=\"color: #000000;\">\u00a0L\u00e4nsi-Turunmaan kaupunki<strong><br \/>\n<span style=\"color: #0000ff;\"><a style=\"color: #0000ff;\" href=\"http:\/\/show.pargas.fi\/shows\/showMMX\/\" target=\"_blank\" rel=\"noopener\">SHOW MMX<\/a><\/span><\/strong>, 2010, L\u00e4nsi-Turunmaan kaupunki<\/span><br \/>\n<span style=\"color: #000000;\"> <strong>Det Lilla Skr\u00e4ckcaf\u00e9et<\/strong>, 2010, Nagu UF<\/span><br \/>\n<span style=\"color: #000000;\"> <strong><span style=\"color: #0000ff;\"><a style=\"color: #0000ff;\" href=\"http:\/\/www.teaterboulage.fi\/pjaser\/west-side-glory-revy\" target=\"_blank\" rel=\"noopener\">West Side Glory?<\/a><\/span> (revyy)<\/strong>, 2009, Teaterboulage<\/span><br \/>\n<span style=\"color: #000000;\"> <strong>Vaude!<\/strong>, 2009, Finlands Svenska Ungdomsf\u00f6rbund<\/span><br \/>\n<span style=\"color: #000000;\"><span style=\"color: #0000ff;\"><a style=\"color: #0000ff;\" href=\"http:\/\/web.abo.fi\/karen\/special\/steatern\/\" target=\"_blank\" rel=\"noopener\"> <strong>M\u00e5larna k\u00e4nner ingen l\u00e4ngtan<\/strong><\/a><\/span>, 2008, Studentteatern i \u00c5bo<\/span><br \/>\n<span style=\"color: #000000;\"> <strong><span style=\"color: #0000ff;\"><a style=\"color: #0000ff;\" href=\"http:\/\/www.teaterboulage.fi\/pjaser\/folkorovare\" target=\"_blank\" rel=\"noopener\">Folk och r\u00f6vare i Kamomilla stad<\/a><\/span>, <\/strong>2008, Teaterboulage<\/span><br \/>\n<span style=\"color: #000000;\"><span style=\"color: #0000ff;\"><a style=\"color: #0000ff;\" href=\"http:\/\/show.pargas.fi\/shows\/show4_0\/\" target=\"_blank\" rel=\"noopener\"> <strong>SHOW 4.0<\/strong><\/a><\/span>, 2008, Paraisten kaupunki<\/span><br \/>\n<span style=\"color: #000000;\"><span style=\"color: #0000ff;\"><a style=\"color: #0000ff;\" href=\"http:\/\/www.teaterboulage.fi\/pjaser\/fangad\" target=\"_blank\" rel=\"noopener\"> <strong>F\u00e5ngad p\u00e5 n\u00e4tet<\/strong><\/a><\/span>, 2007, Teaterboulage<\/span><br \/>\n<span style=\"color: #000000;\"> <strong>Inte alla tjuvar kommer f\u00f6r att stj\u00e4la<\/strong>, 2007, Korpo UF<\/span><br \/>\n<span style=\"color: #000000;\"> <strong>Musikalen Oskar<\/strong>, 2007, DUNK<\/span><br \/>\n<span style=\"color: #000000;\"> <strong><span style=\"color: #0000ff;\"><a style=\"color: #0000ff;\" href=\"http:\/\/www.teaterboulage.fi\/pjaser\/hundbanan\" target=\"_blank\" rel=\"noopener\">I skuggan av Hundbanan<\/a><\/span> (revyy), <\/strong>2007, Teaterboulage<\/span><br \/>\n<span style=\"color: #000000;\"> <strong>Kameleonten<\/strong> och <strong>Om tobakens skadlighet<\/strong>, 2007, Kimito UF<\/span><br \/>\n<span style=\"color: #000000;\"> <strong><span style=\"color: #0000ff;\"><a style=\"color: #0000ff;\" href=\"http:\/\/www.teaterboulage.fi\/pjaser\/herrar\" target=\"_blank\" rel=\"noopener\">HERRAR<\/a><\/span>, <\/strong>2006, (yhteisty\u00f6ss\u00e4: Lastuniemi, Helenius, Karlsson), Teaterboulage<\/span><br \/>\n<span style=\"color: #000000;\"> <strong><span style=\"color: #0000ff;\"><a style=\"color: #0000ff;\" href=\"http:\/\/www.teaterboulage.fi\/pjaser\/ungdomskallan\" target=\"_blank\" rel=\"noopener\">Ungdomsk\u00e4llan<\/a><\/span>,<\/strong> 2006, (yhteisty\u00f6ss\u00e4: B. Lund\u00e9n), Teaterboulage<\/span><br \/>\n<span style=\"color: #000000;\"> <strong>NOVA &#8211; en skr\u00f6na om lyckan<\/strong>, 2006, Projekt Sound of \u00c5boland\/\u00c5UF<\/span><br \/>\n<span style=\"color: #000000;\"> <strong><span style=\"color: #0000ff;\"><a style=\"color: #0000ff;\" href=\"http:\/\/www.teaterboulage.fi\/pjaser\/gatfulla-folke%c2%b4\" target=\"_blank\" rel=\"noopener\">G\u00e5tfulla Folke\u00b4<\/a><\/span> (revyy),<\/strong> 2005, Teaterboulage<\/span><br \/>\n<span style=\"color: #000000;\"><a href=\"http:\/\/www.nuoriteatteri.com\/turun-nuori-teatteri\/menneet-produktiot\/\" target=\"_blank\" rel=\"noopener\"> <strong>Mumintrollet och kometen<\/strong><\/a>, 2005, \u00c5bo Unga Teater<\/span><br \/>\n<span style=\"color: #000000;\"> <strong><span style=\"color: #0000ff;\"><a style=\"color: #0000ff;\" href=\"http:\/\/www.teaterboulage.fi\/pjaser\/ett-underbard-brollop\" target=\"_blank\" rel=\"noopener\">Ett underbart br\u00f6llop<\/a><\/span>, <\/strong>2004, Teaterboulage<\/span><br \/>\n<span style=\"color: #000000;\"> <strong><span style=\"color: #0000ff;\"><a style=\"color: #0000ff;\" href=\"http:\/\/www.teaterboulage.fi\/pjaser\/camping\" target=\"_blank\" rel=\"noopener\">Upp till camping<\/a><\/span>, <\/strong>2004, Teaterboulage<\/span><br \/>\n<span style=\"color: #000000;\"><span style=\"color: #0000ff;\"><a style=\"color: #0000ff;\" href=\"http:\/\/show.pargas.fi\/shows\/show21600\/\" target=\"_blank\" rel=\"noopener\"> <strong>21600\u2013the Greatest ParShow Ever<\/strong><\/a><\/span>, 2004, Paraisten kaupunki<\/span><br \/>\n<span style=\"color: #000000;\"><span style=\"color: #0000ff;\"><a style=\"color: #0000ff;\" href=\"http:\/\/www.teaterboulage.fi\/pjaser\/hon-som-stod-sist-i-kon\" target=\"_blank\" rel=\"noopener\"> <strong>Hon som stod sist i k\u00f6n<\/strong><\/a><\/span>, 2004, Teaterboulage<\/span><br \/>\n<span style=\"color: #000000;\"><span style=\"color: #0000ff;\"><a style=\"color: #0000ff;\" href=\"http:\/\/bruksteatern.auf.fi\/om_bruksteaterm\/uppsattningar\/\" target=\"_blank\" rel=\"noopener\"> <strong>Kenta \u00c5hman\u00b4s Lonely Dream<\/strong><\/a><\/span>, 2004, Bruksteatern<\/span><br \/>\n<span style=\"color: #000000;\"> <strong>Design Coco<\/strong>, 2003, Show-linjen\/\u00c5bolands folkh\u00f6gskola<\/span><br \/>\n<span style=\"color: #000000;\"> <strong><span style=\"color: #0000ff;\"><a style=\"color: #0000ff;\" href=\"http:\/\/www.nuoriteatteri.com\/turun-nuori-teatteri\/menneet-produktiot\/\" target=\"_blank\" rel=\"noopener\">Folk och r\u00f6vare i Kamomilla stad<\/a><\/span>, <\/strong>2003, \u00c5bo Unga Teater<\/span><br \/>\n<span style=\"color: #000000;\"> <strong>En \u00f6 i Valhall, <\/strong>2002, Show-linjen\/\u00c5bolands folkh\u00f6gskola<\/span><br \/>\n<span style=\"color: #000000;\"> <strong><span style=\"color: #0000ff;\"><a style=\"color: #0000ff;\" href=\"http:\/\/www.teaterboulage.fi\/pjaser\/fulaelsa\" target=\"_blank\" rel=\"noopener\">Fula Elsa<\/a><\/span>, <\/strong>2002, Teaterboulage<\/span><br \/>\n<span style=\"color: #000000;\"> <strong>Det knakar i fogarna (orginal: Sex i elden), <\/strong>2002, Show-linjen\/\u00c5bolands folkh\u00f6gskola<\/span><br \/>\n<span style=\"color: #000000;\"> <strong><span style=\"color: #0000ff;\"><a style=\"color: #0000ff;\" href=\"http:\/\/show.pargas.fi\/shows\/show3000\/\" target=\"_blank\" rel=\"noopener\">SHOW 3000<\/a><\/span>, <\/strong>2002, Paraisten kaupunki<\/span><br \/>\n<span style=\"color: #000000;\"> <strong><span style=\"color: #0000ff;\"><a style=\"color: #0000ff;\" href=\"http:\/\/www.teaterboulage.fi\/pjaser\/radhusgatan13b\" target=\"_blank\" rel=\"noopener\">Radhusgatan 13B<\/a><\/span>, <\/strong>2001, Teaterboulage<\/span><br \/>\n<span style=\"color: #000000;\"> <strong><span style=\"color: #0000ff;\"><a style=\"color: #0000ff;\" href=\"http:\/\/www.nuoriteatteri.com\/turun-nuori-teatteri\/menneet-produktiot\/\" target=\"_blank\" rel=\"noopener\">Trollkarlen fr\u00e5n Oz<\/a><\/span>, <\/strong>2001, \u00c5bo Unga Teater<\/span><br \/>\n<span style=\"color: #000000;\"> <strong>Skit i ledningen (revyy), <\/strong>2000, Korpo UF<\/span><br \/>\n<span style=\"color: #000000;\"> <strong><span style=\"color: #0000ff;\"><a style=\"color: #0000ff;\" href=\"http:\/\/www.teaterboulage.fi\/pjaser\/alla-tjuvar-kommer-inte-for-att-stjala\" target=\"_blank\" rel=\"noopener\">Alla tjuvar kommer inte f\u00f6r att stj\u00e4la<\/a><\/span>, <\/strong>2000, Teaterboulage<\/span><br \/>\n<span style=\"color: #000000;\"> <strong><span style=\"color: #0000ff;\"><a style=\"color: #0000ff;\" href=\"http:\/\/www.teaterboulage.fi\/pjaser\/revyn-sa-no-rowlit\" target=\"_blank\" rel=\"noopener\">S\u00e5 NoRowlit<\/a><\/span> (revyy), <\/strong>2000, Teaterboulage<\/span><br \/>\n<span style=\"color: #000000;\"> <strong><span style=\"color: #0000ff;\"><a style=\"color: #0000ff;\" href=\"http:\/\/show.pargas.fi\/shows\/show2000\/\" target=\"_blank\" rel=\"noopener\">SHOW 2000<\/a><\/span>, <\/strong>2000, Paraisten kaupunki<\/span><br \/>\n<span style=\"color: #000000;\"> <strong>Kenta \u00c5hman\u00b4s Lonely Dream, <\/strong>1999, Landskapsf\u00f6reningen Folkh\u00e4lsan<\/span><br \/>\n<span style=\"color: #000000;\"> <strong><span style=\"color: #0000ff;\"><a style=\"color: #0000ff;\" href=\"http:\/\/www.nuoriteatteri.com\/turun-nuori-teatteri\/menneet-produktiot\/\" target=\"_blank\" rel=\"noopener\">Pippi L\u00e5ngstrump<\/a><\/span>, <\/strong>1999, \u00c5bo Barn- och Ungdomsteater<\/span><br \/>\n<span style=\"color: #000000;\"> <strong>Annat va\u00b4 e f\u00f6rr-Toista se oli ennen, <\/strong>1998, Maalaispirssi<\/span><br \/>\n<span style=\"color: #000000;\"> <strong>Sex i elden, <\/strong>1998, Kimito UF<\/span><br \/>\n<span style=\"color: #000000;\"> <strong>V\u00e4rk i n\u00e4tverket (revyy), <\/strong>1997, Korpo UF<\/span><br \/>\n<span style=\"color: #000000;\"> <strong><span style=\"color: #0000ff;\"><a style=\"color: #0000ff;\" href=\"http:\/\/www.teaterboulage.fi\/pjaser\/radhusgatan-13\" target=\"_blank\" rel=\"noopener\">Radhusgatan 13<\/a><\/span>, <\/strong>1997, Teaterboulage<\/span><br \/>\n<span style=\"color: #000000;\"> <strong><span style=\"color: #0000ff;\"><a style=\"color: #0000ff;\" href=\"http:\/\/show.pargas.fi\/shows\/zlump\/\" target=\"_blank\" rel=\"noopener\">zlump!<\/a><\/span>, <\/strong>1996, Paraisten kaupunki, y.m.<\/span><br \/>\n<span style=\"color: #000000;\"> + <strong>koulun\u00e4ytelmi\u00e4, <\/strong>1997-2010<\/span><\/p>\n<p><span style=\"color: #000000;\"><strong>SOVITTAJA\/S\u00c4VELT\u00c4J\u00c4\/KAPELLIMESTARI\/MUSIIKKIVASTAAVA, teatteriesityksi\u00e4 ja projekteja:<\/strong><\/span><\/p>\n<p><span style=\"color: #000000;\"><strong>Den inbillade sjuke, <\/strong>Teaterboulage, 2025<strong><br \/>\nRadhusgatan 13B, <\/strong>2024, Teaterboulage<strong><br \/>\nIngen fj\u00e4ril, precis, <\/strong>2023, Teaterboulage<strong><br \/>\nBlad av dill och persilja (Fredrika ja J.L. Runebergin tekstit), <\/strong>2023, Pro Runeberg rf<strong><br \/>\nAndersson, Pettersson, Lundstr\u00f6m &amp; Jag (musikaali), <\/strong>2021, \u00c5bo Svenska Teater<strong><br \/>\nRoger &amp; Julia, <\/strong>2021, Teaterboulage<strong><br \/>\nStenplockerskorna,<\/strong> 2018, Teaterboulage<\/span><strong><br \/>\n<\/strong><span style=\"color: #000000;\"><strong>Vem tar vem? (Heila hakusessa), <\/strong>2017, Teaterboulage<strong><br \/>\nStormsk\u00e4rs Maja,<\/strong> 2015, \u00c5bo svenska teater<\/span><br \/>\n<span style=\"color: #000000;\"> <strong>Ronja R\u00f6vardotter,<\/strong> 2015, \u00c5bo svenska teater<br \/>\n<\/span><strong>PopRock-K\u00f6ren (Kombi)<\/strong>, 2014-<br \/>\n<span style=\"color: #000000;\"> <strong>Skarvholma G\u00e4sthamn (revyy),<\/strong> 2011, \u00c5bo svenska teater ja L\u00e4nsi-Turunmaan kaupunki<\/span><br \/>\n<span style=\"color: #000000;\"> <strong><span style=\"color: #0000ff;\"><a style=\"color: #0000ff;\" href=\"http:\/\/www.teaterboulage.fi\/pjaser\/edit\" target=\"_blank\" rel=\"noopener\">Edit<\/a><\/span>, <\/strong>1998, Teaterboulage<\/span><br \/>\n<span style=\"color: #000000;\"> <strong>Paranormal (revyy),<\/strong> 1995, Pargasmalms UF<\/span><br \/>\n<span style=\"color: #000000;\"> <strong>T\u00e5okr\u00e5olit, <\/strong>1994 och 1995, Pargas Hembygdsf\u00f6rening ja Paraisten kaupunki<\/span><br \/>\n<span style=\"color: #000000;\"> <strong>Djungelboken, <\/strong>1993, \u00c5bo svenska teater<\/span><br \/>\n<span style=\"color: #000000;\"> <strong>Parastrojka<\/strong> <strong>(revyy),<\/strong> 1990, Pargasmalms UF<\/span><br \/>\n<span style=\"color: #000000;\"> <strong>Aarresaari, <\/strong>1990, Turun Lapsi- ja Nuorisoteatteri<\/span><br \/>\n<span style=\"color: #000000;\"> <strong>Stormen, <\/strong>1989, \u00c5bo Barn- och Ungdomsteater<\/span><br \/>\n<span style=\"color: #000000;\"> <strong>SuperTauno? (revyy)<\/strong>, 1988, Pargasmalms UF<\/span><br \/>\n<span style=\"color: #000000;\"> <strong>Lill-Amerika (revyy),<\/strong> 1984, Pargasmalms UF<\/span><br \/>\n<span style=\"color: #000000;\"> <strong>Heat, <\/strong>1982, Pargasmalms UF<\/span><br \/>\n<span style=\"color: #000000;\"> <strong>He e Pargas tetjen (revyy<\/strong>), 1981, Pargasmalms UF<\/span><br \/>\n<strong><span style=\"color: #000000;\"> Y.m. &#8230;<\/span><\/strong><\/p>\n<p><span style=\"color: #000000;\"><strong>MUUTA:<\/strong><\/span><\/p>\n<p><span style=\"color: #000000;\"><strong>Tuottaja ym, Pargas Beatles Fest, <\/strong>2024-<strong><br \/>\nMusiikinopettaja (lk 5-6), Malms skola, Pargas, <\/strong>2022-<strong><br \/>\nKuoronjohtaja, <\/strong><\/span><span style=\"color: #0000ff;\"><strong><a style=\"color: #0000ff;\" href=\"https:\/\/www.facebook.com\/search\/top\/?q=poprock-k%C3%B6ren&amp;epa=SEARCH_BOX\">PopRock-K\u00f6ren<\/a><\/strong><\/span><span style=\"color: #000000;\"><strong> (MBI\/Saariston Kombi), <\/strong>2014-<br \/>\n<strong>Taiteellinen johtaja, Teaterboulage, <\/strong>2003-<br \/>\n<strong>Artistivastaava, musiikkipubi 6 Feet<strong> Under<\/strong>, Parainen,\u00a0<\/strong>2005-06<strong><br \/>\nJ\u00e4sen, showryhm\u00e4 <span style=\"color: #0000ff;\"><a style=\"color: #0000ff;\" href=\"http:\/\/www.teaterboulage.fi\/ovrigapjaser\/svett-och-darar-kp\" target=\"_blank\" rel=\"noopener\">Svett &amp; D\u00e5rar<\/a><\/span>, <\/strong>2002-09<br \/>\n<strong>Opetusta, \u00c5bolands folkh\u00f6gskola\/Showlinjen, <\/strong>2001-03<strong><br \/>\nProjektivastaava, <strong>Underh\u00e5llningskompaniet\/Viihdekomppania Parainen, <\/strong><\/strong>1997<strong><br \/>\n\u00c4\u00e4nitt\u00e4j\u00e4, <span style=\"color: #0000ff;\"><a style=\"color: #0000ff;\" href=\"https:\/\/www.facebook.com\/MusicBoxRecordingStudio\/\" target=\"_blank\" rel=\"noopener\">Music Box studio<\/a><\/span><\/strong>,\u00a0<strong>Parainen<\/strong>, 1989-98<\/span><br \/>\n<span style=\"color: #000000;\"><strong> Opetusta, Lappfj\u00e4rds folkh\u00f6gskola\/Musiklinjen, <\/strong>1986-87<strong><br \/>\n<\/strong><\/span><span style=\"color: #000000;\"><strong>Musiikkiohjaaja,<\/strong> <strong>K\u00e5rkulla samkommun, <\/strong>1988-89, 1999-2005<\/span><br \/>\n<span style=\"color: #000000;\"> <strong>Musiikkileirien opettaja, Turunmaa,<\/strong> 1985-94<\/span><br \/>\n<span style=\"color: #000000;\"> <strong>Pianosoitonopettaja, V\u00e4st\u00e5bolands MBI,<\/strong> 1987-94<br \/>\n<strong>Y.m. &#8230;<\/strong><\/span><\/p>\n","protected":false},"excerpt":{"rendered":"<p>OHJAUSTY\u00d6T: Ett gruvligt misstag? (revyy), 2026, Teaterboulage Bekanta fr\u00e4mlingen, 2026, Katedralskolan i \u00c5bo p\u00e5 \u00c5ST Show ELEVEN, 2025, Paraisten kaupunki, kulttuuri\/Pargas stad, kultur Katoamismysteeri vanhalla kansakoululla, 2024, Ruskon kes\u00e4teatteri Radhusgatan 13B, 2024, Teaterboulage Arvingarna, 2023, Teaterboulage Murhamysteeri vanhalla kansakoululla, 2023, &hellip; <a href=\"http:\/\/tomriddoridberg.fi\/fi\/cv\/\">Continue reading <span class=\"meta-nav\">&rarr;<\/span><\/a><\/p>\n","protected":false},"author":1,"featured_media":0,"parent":0,"menu_order":0,"comment_status":"closed","ping_status":"closed","template":"full-width-page.php","meta":{"footnotes":""},"_links":{"self":[{"href":"http:\/\/tomriddoridberg.fi\/fi\/wp-json\/wp\/v2\/pages\/209"}],"collection":[{"href":"http:\/\/tomriddoridberg.fi\/fi\/wp-json\/wp\/v2\/pages"}],"about":[{"href":"http:\/\/tomriddoridberg.fi\/fi\/wp-json\/wp\/v2\/types\/page"}],"author":[{"embeddable":true,"href":"http:\/\/tomriddoridberg.fi\/fi\/wp-json\/wp\/v2\/users\/1"}],"replies":[{"embeddable":true,"href":"http:\/\/tomriddoridberg.fi\/fi\/wp-json\/wp\/v2\/comments?post=209"}],"version-history":[{"count":70,"href":"http:\/\/tomriddoridberg.fi\/fi\/wp-json\/wp\/v2\/pages\/209\/revisions"}],"predecessor-version":[{"id":826,"href":"http:\/\/tomriddoridberg.fi\/fi\/wp-json\/wp\/v2\/pages\/209\/revisions\/826"}],"wp:attachment":[{"href":"http:\/\/tomriddoridberg.fi\/fi\/wp-json\/wp\/v2\/media?parent=209"}],"curies":[{"name":"wp","href":"https:\/\/api.w.org\/{rel}","templated":true}]}}