{"id":213,"date":"2016-08-18T14:41:07","date_gmt":"2016-08-18T11:41:07","guid":{"rendered":"http:\/\/tomriddoridberg.fi\/fi\/?page_id=213"},"modified":"2026-01-14T23:25:08","modified_gmt":"2026-01-14T21:25:08","slug":"tjanster-kontakt","status":"publish","type":"page","link":"http:\/\/tomriddoridberg.fi\/fi\/tjanster-kontakt\/","title":{"rendered":"PALVELUT"},"content":{"rendered":"<p><span style=\"color: #000000;\"><strong>OHJAAJA<\/strong><\/span><br \/>\n<span style=\"color: #000000;\"> Ohjaa kaikenik\u00e4isi\u00e4 ja -kokoisia harrastajateatteriryhmi\u00e4, ruotsiksi ja suomeksi. Tottunut lyhyisiin ja tehokkaisiin tuotanto- ja harjoittelukausiin. Muokkaa ja sopeuttaa k\u00e4sikirjoitukset kyseisen ryhm\u00e4n edellytysten ja kokoonpanon mukaisesti, tarpeen vaatiessa. Voi my\u00f6s toimia musiikkivastaavana ohjausteht\u00e4v\u00e4n puitteissa.<\/span><\/p>\n<div><span style=\"color: #000000;\"><strong>MUUSIKKO<\/strong><\/span><\/div>\n<div><span style=\"color: #000000;\">Soittaa koskettimia seuraavissa b\u00e4ndeiss\u00e4: She\u00b4s Leaving Home, Green Onion, Bruce Almighty, Myyri &amp; Riddo Duo, Folkr\u00f6relsen sek\u00e4 Burned Picture. Kts <span style=\"color: #0000ff;\"><strong><a style=\"color: #0000ff;\" href=\"http:\/\/tomriddoridberg.fi\/fi\/band\/\" target=\"_blank\" rel=\"noopener\">B\u00c4NDIT<\/a><\/strong><\/span>.<br \/>\n<\/span><\/div>\n<div><span style=\"color: #000000;\">Toimii vierailevana muusikkona projektib\u00e4ndeiss\u00e4 ja solistien, lauluryhmien ja kuorojen s\u00e4est\u00e4j\u00e4n\u00e4.<\/span><\/div>\n<div><span style=\"color: #000000;\">Improvisointitaitoinen teatterimuusikko.<\/span><\/div>\n<div><span style=\"color: #000000;\">\u00a0<\/span><\/div>\n<div><span style=\"color: #000000;\"><strong>SOVITTAJA\/S\u00c4VELT\u00c4J\u00c4<\/strong><\/span><\/div>\n<div><span style=\"color: #000000;\">Sovittaa musiikkia teatteriesityksiin, kuoroille ja yhtyeille. <\/span><span style=\"color: #000000;\">Tekee musiikin teatteriesityksiin ja s\u00e4velt\u00e4\u00e4 tekstej\u00e4 ja runoja. <\/span><span style=\"color: #000000;\">S\u00e4velt\u00e4\u00e4 musiikkia pop- ja rockyhtyeille. <\/span><span style=\"color: #000000;\">Tehnyt kansanmusiikkilevyj\u00e4, kts <span style=\"color: #0000ff;\"><strong><a style=\"color: #0000ff;\" href=\"http:\/\/www.folkrorelsen.fi\/suomeksi\/\" target=\"_blank\" rel=\"noopener\">FoLKR\u00d6RELSEN<\/a><\/strong><\/span>.<\/span><\/div>\n<div><span style=\"color: #000000;\">\u00a0<\/span><\/div>\n<div><span style=\"color: #000000;\"><strong>OPETTAJA<\/strong><\/span><\/div>\n<div><span style=\"color: #000000;\"><strong>Teatteri:<\/strong> Johtaa improvisointikursseja, -ty\u00f6pajoja sek\u00e4 -leirej\u00e4.<\/span><\/div>\n<div><span style=\"color: #000000;\">Johtaa revyykursseja; miten p\u00e4\u00e4see kirjoittamisen vauhtiin, miten luoda henkil\u00f6hahmo, ym.<\/span><\/div>\n<div><span style=\"color: #000000;\">\u00a0<\/span><\/div>\n<div><span style=\"color: #000000;\"><strong>Musiikki:<\/strong> Opettaa pianon- ja kosketinsoittimen soittoa, vapaa s\u00e4estyst\u00e4 sek\u00e4 nuotinlukua, popmusiikin saralla. <\/span><span style=\"color: #000000;\">Opettaa popmusiikin eri soittotyylej\u00e4, soundien valintoja ja &#8220;klassisten kosketinsoitinten&#8221; k\u00e4ytt\u00f6tekniikkaa. (Hammond, Leslie, Rhodes, Wurlitzer, Clavinet, ym). <\/span><span style=\"color: #000000;\">Hallitsee my\u00f6s rumpuja, bassoa ja kitaraa aloitteleville yhtyeille. <\/span><span style=\"color: #000000;\">Musiikkiteorian opettaja. <\/span><span style=\"color: #000000;\">Johtaa kuoroja ja lauluryhmi\u00e4.<\/span><\/div>\n<div><span style=\"color: #000000;\">\u00a0<\/span><\/div>\n<div><span style=\"color: #000000;\"><strong>TUOTTAJA\/TUOTANTOVASTAAVA<\/strong><\/span><\/div>\n<div><span style=\"color: #000000;\">Toimii teatteri-, musiikkiesitysten ja konserttien tuotantovastaavana\/tuottajana.<\/span><\/div>\n<div><span style=\"color: #000000;\">\u00a0<\/span><\/div>\n<div><span style=\"color: #000000;\"><strong>MUUTA<\/strong><\/span><\/div>\n<div><span style=\"color: #000000;\">Voi toimia tuomariston j\u00e4senen\u00e4 nuorten kykyjenetsint\u00e4-, laulu- ja musiikkikilpailuissa sek\u00e4 auditioissa.<\/span><\/div>\n<p><span style=\"color: #000000;\">YHTEYSTIEDOT:<\/span><br \/>\n<span style=\"color: #000000;\"> <strong> ridberg(at)parnet.fi<\/strong><\/span><br \/>\n<span style=\"color: #000000;\"> <strong> +358 \u00a0400 820 204<br \/>\n21600 Parainen, Finland<\/strong><\/span><\/p>\n","protected":false},"excerpt":{"rendered":"<p>OHJAAJA Ohjaa kaikenik\u00e4isi\u00e4 ja -kokoisia harrastajateatteriryhmi\u00e4, ruotsiksi ja suomeksi. Tottunut lyhyisiin ja tehokkaisiin tuotanto- ja harjoittelukausiin. Muokkaa ja sopeuttaa k\u00e4sikirjoitukset kyseisen ryhm\u00e4n edellytysten ja kokoonpanon mukaisesti, tarpeen vaatiessa. Voi my\u00f6s toimia musiikkivastaavana ohjausteht\u00e4v\u00e4n puitteissa. MUUSIKKO Soittaa koskettimia seuraavissa b\u00e4ndeiss\u00e4: She\u00b4s &hellip; <a href=\"http:\/\/tomriddoridberg.fi\/fi\/tjanster-kontakt\/\">Continue reading <span class=\"meta-nav\">&rarr;<\/span><\/a><\/p>\n","protected":false},"author":1,"featured_media":0,"parent":0,"menu_order":0,"comment_status":"closed","ping_status":"closed","template":"full-width-page.php","meta":{"footnotes":""},"_links":{"self":[{"href":"http:\/\/tomriddoridberg.fi\/fi\/wp-json\/wp\/v2\/pages\/213"}],"collection":[{"href":"http:\/\/tomriddoridberg.fi\/fi\/wp-json\/wp\/v2\/pages"}],"about":[{"href":"http:\/\/tomriddoridberg.fi\/fi\/wp-json\/wp\/v2\/types\/page"}],"author":[{"embeddable":true,"href":"http:\/\/tomriddoridberg.fi\/fi\/wp-json\/wp\/v2\/users\/1"}],"replies":[{"embeddable":true,"href":"http:\/\/tomriddoridberg.fi\/fi\/wp-json\/wp\/v2\/comments?post=213"}],"version-history":[{"count":15,"href":"http:\/\/tomriddoridberg.fi\/fi\/wp-json\/wp\/v2\/pages\/213\/revisions"}],"predecessor-version":[{"id":822,"href":"http:\/\/tomriddoridberg.fi\/fi\/wp-json\/wp\/v2\/pages\/213\/revisions\/822"}],"wp:attachment":[{"href":"http:\/\/tomriddoridberg.fi\/fi\/wp-json\/wp\/v2\/media?parent=213"}],"curies":[{"name":"wp","href":"https:\/\/api.w.org\/{rel}","templated":true}]}}